{"id":575,"date":"2024-01-05T08:23:46","date_gmt":"2024-01-05T13:23:46","guid":{"rendered":"http:\/\/192.168.0.21\/sitioweb\/?page_id=575"},"modified":"2025-09-22T08:59:32","modified_gmt":"2025-09-22T13:59:32","slug":"alianzas-2","status":"publish","type":"page","link":"https:\/\/marol.com.co\/marol\/alianzas-2\/","title":{"rendered":"Alianzas"},"content":{"rendered":"\n<div class=\"wp-block-cover alignfull is-light has-parallax\" style=\"min-height:248px;aspect-ratio:unset;\"><div class=\"wp-block-cover__image-background wp-image-1096 has-parallax\" style=\"background-position:50% 50%;background-image:url(https:\/\/marol.com.co\/marol\/wp-content\/uploads\/2024\/01\/parallax-alianzas1.jpg)\"><\/div><span aria-hidden=\"true\" class=\"wp-block-cover__background has-background-dim-0 has-background-dim\"><\/span><div class=\"wp-block-cover__inner-container is-layout-constrained wp-block-cover-is-layout-constrained\">\n<p class=\"has-text-align-center has-large-font-size\"><\/p>\n<\/div><\/div>\n\n\n\n<div class=\"wp-block-cover alignfull has-custom-content-position is-position-top-center\" style=\"min-height:172px;aspect-ratio:unset;\"><span aria-hidden=\"true\" class=\"wp-block-cover__background has-nv-dark-bg-background-color has-background-dim-100 has-background-dim\"><\/span><div class=\"wp-block-cover__inner-container is-layout-constrained wp-block-cover-is-layout-constrained\">\n<h4 class=\"wp-block-heading has-text-align-center has-large-font-size\" style=\"font-style:normal;font-weight:400\">Nuestras Alianzas<br>___<\/h4>\n\n\n\n<h5 class=\"wp-block-heading has-text-align-center has-medium-font-size\" style=\"font-style:normal;font-weight:400\">Agencia de Aduanas Mariano Rold\u00e1n S.A. Nivel 1 BIC<\/h5>\n<\/div><\/div>\n\n\n\n<div class=\"wp-block-cover is-light has-custom-content-position is-position-top-center\" style=\"min-height:630px;aspect-ratio:unset;\"><span aria-hidden=\"true\" class=\"wp-block-cover__background has-background-dim-0 has-background-dim\"><\/span><div class=\"wp-block-cover__inner-container is-layout-constrained wp-block-cover-is-layout-constrained\">\n<div class=\"wp-block-columns is-layout-flex wp-container-core-columns-is-layout-9d6595d7 wp-block-columns-is-layout-flex\">\n<div class=\"wp-block-column is-vertically-aligned-center is-layout-flow wp-block-column-is-layout-flow\">\n<div class=\"wp-block-columns is-layout-flex wp-container-core-columns-is-layout-9d6595d7 wp-block-columns-is-layout-flex\">\n<div class=\"wp-block-column is-layout-flow wp-block-column-is-layout-flow\" style=\"flex-basis:20%\"><\/div>\n\n\n\n<div class=\"wp-block-column is-layout-flow wp-block-column-is-layout-flow\">\n<p class=\"has-text-align-center\">Con nuestras alianzas vamos de la mano contigo en cada momento en tus operaciones de importaciones y exportaciones. Por eso te ofrecemos servicios adicionales a trav\u00e9s de nuestras alianzas con empresas especializadas en todos los campos del comercio exterior.<\/p>\n<\/div>\n\n\n\n<div class=\"wp-block-column is-layout-flow wp-block-column-is-layout-flow\" style=\"flex-basis:20%\"><\/div>\n<\/div>\n\n\n\n<div class=\"wp-block-columns is-layout-flex wp-container-core-columns-is-layout-9d6595d7 wp-block-columns-is-layout-flex\">\n<div class=\"wp-block-column is-layout-flow wp-block-column-is-layout-flow\"><div class=\"wp-block-image\">\n<figure class=\"aligncenter size-full is-resized\"><img loading=\"lazy\" decoding=\"async\" width=\"295\" height=\"215\" src=\"https:\/\/marol.com.co\/marol\/wp-content\/uploads\/2024\/01\/alianzas-15.jpg\" alt=\"\" class=\"wp-image-648\" style=\"width:230px\"\/><\/figure><\/div><\/div>\n\n\n\n<div class=\"wp-block-column is-layout-flow wp-block-column-is-layout-flow\"><div class=\"wp-block-image\">\n<figure class=\"aligncenter size-full is-resized\"><a href=\"https:\/\/marexcargo.com\/es\/\" target=\"_blank\" rel=\"noreferrer noopener\"><img loading=\"lazy\" decoding=\"async\" width=\"295\" height=\"215\" src=\"https:\/\/marol.com.co\/marol\/wp-content\/uploads\/2024\/01\/alianzas-16.jpg\" alt=\"\" class=\"wp-image-647\" style=\"width:230px\"\/><\/a><\/figure><\/div><\/div>\n<\/div>\n\n\n\n<div class=\"wp-block-columns is-layout-flex wp-container-core-columns-is-layout-9d6595d7 wp-block-columns-is-layout-flex\">\n<div class=\"wp-block-column is-layout-flow wp-block-column-is-layout-flow\">\n<h3 class=\"wp-block-heading has-text-align-center\">SIKER Operador Log\u00edstico<\/h3>\n\n\n\n<p class=\"has-text-align-left\">Ofrecemos inspecci\u00f3n de mercanc\u00eda, etiquetado, vaciado y llenado de contenedores, reconocimientos y transporte nacional.<\/p>\n<\/div>\n\n\n\n<div class=\"wp-block-column is-layout-flow wp-block-column-is-layout-flow\">\n<h3 class=\"wp-block-heading has-text-align-center\">MAREX Agente de Carga<\/h3>\n\n\n\n<p class=\"has-text-align-left\">Brindamos un acompa\u00f1amiento internacional en las operaciones de importaciones y exportaciones coordinando embarques desde y hac\u00eda cualquier parte del mundo.<br>Tambi\u00e9n ofrecemos p\u00f3lizas de transporte de mercanc\u00edas con cobertura completa bodega a bodega.<\/p>\n<\/div>\n<\/div>\n<\/div>\n<\/div>\n<\/div><\/div>\n\n\n\n<div class=\"wp-block-cover alignfull is-light has-custom-content-position is-position-top-center\" style=\"min-height:125px;aspect-ratio:unset;\"><img loading=\"lazy\" decoding=\"async\" width=\"1280\" height=\"122\" class=\"wp-block-cover__image-background wp-image-825\" alt=\"\" src=\"https:\/\/marol.com.co\/marol\/wp-content\/uploads\/2024\/01\/cinta.png\" data-object-fit=\"cover\"\/><span aria-hidden=\"true\" class=\"wp-block-cover__background has-background-dim-0 has-background-dim\"><\/span><div class=\"wp-block-cover__inner-container is-layout-constrained wp-block-cover-is-layout-constrained\">\n<p class=\"has-text-align-center has-large-font-size\"><\/p>\n<\/div><\/div>\n\n\n\n<div class=\"wp-block-columns is-layout-flex wp-container-core-columns-is-layout-9d6595d7 wp-block-columns-is-layout-flex\">\n<div class=\"wp-block-column is-layout-flow wp-block-column-is-layout-flow\">\n<div class=\"wp-block-cover alignfull has-custom-content-position is-position-top-center\" style=\"min-height:360px;aspect-ratio:unset;\"><span aria-hidden=\"true\" class=\"wp-block-cover__background has-nv-dark-bg-background-color has-background-dim-100 has-background-dim\"><\/span><div class=\"wp-block-cover__inner-container is-layout-constrained wp-block-cover-is-layout-constrained\">\n<div class=\"wp-block-columns is-layout-flex wp-container-core-columns-is-layout-9d6595d7 wp-block-columns-is-layout-flex\">\n<div class=\"wp-block-column is-vertically-aligned-top is-layout-flow wp-block-column-is-layout-flow\">\n<p><\/p>\n\n\n\n<h4 class=\"wp-block-heading has-text-align-center\">Medell\u00edn&nbsp;Oficina Principal<\/h4>\n\n\n\n<div class=\"wp-block-columns is-layout-flex wp-container-core-columns-is-layout-9d6595d7 wp-block-columns-is-layout-flex\">\n<div class=\"wp-block-column is-layout-flow wp-block-column-is-layout-flow\">\n<p class=\"has-text-align-center has-nv-site-bg-color has-text-color has-link-color wp-elements-e8e5d52e7a5164a2cf0e282e36290610\">Tel\u00e9fono: (57) 604 320 20 80&nbsp;\u2013&nbsp;medellin@marol.com.co<br>Almacentro Torre Norte Piso 9 \u2013&nbsp;Carrera 43A No. 34 -155<\/p>\n\n\n\n<div class=\"wp-block-columns is-layout-flex wp-container-core-columns-is-layout-9d6595d7 wp-block-columns-is-layout-flex\">\n<div class=\"wp-block-column is-layout-flow wp-block-column-is-layout-flow\">\n<div class=\"wp-block-columns alignwide are-vertically-aligned-center is-layout-flex wp-container-core-columns-is-layout-9d6595d7 wp-block-columns-is-layout-flex\">\n<div class=\"wp-block-column is-vertically-aligned-center is-layout-flow wp-block-column-is-layout-flow\">\n<p class=\"has-text-align-center has-nv-site-bg-color has-text-color has-link-color wp-elements-8c40ff1afb64859ac1c772203bc6936e\">Buenaventura<\/p>\n\n\n\n<p class=\"has-text-align-center has-nv-site-bg-color has-text-color has-link-color wp-elements-412e4b17d1674b9bda8ee071d840c0d1\">Tel: (57)&nbsp;602 242 3543<br>buenaventura@marol.com.co<\/p>\n<\/div>\n\n\n\n<div class=\"wp-block-column is-vertically-aligned-center is-layout-flow wp-block-column-is-layout-flow\">\n<p class=\"has-text-align-center has-nv-site-bg-color has-text-color has-link-color wp-elements-0c175db8d61d131a7838a1e158fcb4cc\">Cartagena<\/p>\n\n\n\n<p class=\"has-text-align-center has-nv-site-bg-color has-text-color has-link-color wp-elements-f0a822a96460ff84c3c997fa0cadd297\">Tel: (57)&nbsp;605 664 0445<br>cartagena@marol.com.co<\/p>\n<\/div>\n\n\n\n<div class=\"wp-block-column is-vertically-aligned-center is-layout-flow wp-block-column-is-layout-flow\">\n<p class=\"has-text-align-center has-nv-site-bg-color has-text-color has-link-color wp-elements-d0260a5d4e00147dcd229cd669db1631\">Urab\u00e1<\/p>\n\n\n\n<p class=\"has-text-align-center has-nv-site-bg-color has-text-color has-link-color wp-elements-640feb8628f312eaea7b03e05c0275ee\">Tel: (57)&nbsp;604 828 5834<br>uraba@marol.com.co<\/p>\n<\/div>\n<\/div>\n<\/div>\n<\/div>\n<\/div>\n<\/div>\n<\/div>\n<\/div>\n<\/div><\/div>\n<\/div>\n<\/div>\n","protected":false},"excerpt":{"rendered":"","protected":false},"author":1,"featured_media":0,"parent":0,"menu_order":0,"comment_status":"closed","ping_status":"closed","template":"","meta":{"neve_meta_sidebar":"","neve_meta_container":"","neve_meta_enable_content_width":"","neve_meta_content_width":0,"neve_meta_title_alignment":"","neve_meta_author_avatar":"","neve_post_elements_order":"","neve_meta_disable_header":"","neve_meta_disable_footer":"","neve_meta_disable_title":"on","_themeisle_gutenberg_block_has_review":false,"footnotes":""},"class_list":["post-575","page","type-page","status-publish","hentry"],"_links":{"self":[{"href":"https:\/\/marol.com.co\/marol\/wp-json\/wp\/v2\/pages\/575","targetHints":{"allow":["GET"]}}],"collection":[{"href":"https:\/\/marol.com.co\/marol\/wp-json\/wp\/v2\/pages"}],"about":[{"href":"https:\/\/marol.com.co\/marol\/wp-json\/wp\/v2\/types\/page"}],"author":[{"embeddable":true,"href":"https:\/\/marol.com.co\/marol\/wp-json\/wp\/v2\/users\/1"}],"replies":[{"embeddable":true,"href":"https:\/\/marol.com.co\/marol\/wp-json\/wp\/v2\/comments?post=575"}],"version-history":[{"count":16,"href":"https:\/\/marol.com.co\/marol\/wp-json\/wp\/v2\/pages\/575\/revisions"}],"predecessor-version":[{"id":1792,"href":"https:\/\/marol.com.co\/marol\/wp-json\/wp\/v2\/pages\/575\/revisions\/1792"}],"wp:attachment":[{"href":"https:\/\/marol.com.co\/marol\/wp-json\/wp\/v2\/media?parent=575"}],"curies":[{"name":"wp","href":"https:\/\/api.w.org\/{rel}","templated":true}]}}