{"id":549,"date":"2024-01-05T08:18:11","date_gmt":"2024-01-05T13:18:11","guid":{"rendered":"http:\/\/192.168.0.21\/sitioweb\/?page_id=549"},"modified":"2025-09-22T08:59:33","modified_gmt":"2025-09-22T13:59:33","slug":"nosotros","status":"publish","type":"page","link":"https:\/\/marol.com.co\/marol\/nosotros\/","title":{"rendered":"Nosotros"},"content":{"rendered":"\n<div class=\"wp-block-cover alignfull has-parallax\" style=\"min-height:248px;aspect-ratio:unset;\"><span aria-hidden=\"true\" class=\"wp-block-cover__background has-background-dim-0 has-background-dim\"><\/span><div class=\"wp-block-cover__image-background wp-image-639 has-parallax\" style=\"background-position:50% 50%;background-image:url(https:\/\/marol.com.co\/marol\/wp-content\/uploads\/2024\/01\/fondo_contenedores_2-Copiar5.jpg)\"><\/div><div class=\"wp-block-cover__inner-container is-layout-constrained wp-block-cover-is-layout-constrained\">\n<p class=\"has-text-align-center has-large-font-size\"><\/p>\n<\/div><\/div>\n\n\n\n<div class=\"wp-block-cover alignfull has-custom-content-position is-position-top-center\" style=\"min-height:172px;aspect-ratio:unset;\"><span aria-hidden=\"true\" class=\"wp-block-cover__background has-nv-dark-bg-background-color has-background-dim-100 has-background-dim\"><\/span><div class=\"wp-block-cover__inner-container is-layout-constrained wp-block-cover-is-layout-constrained\">\n<h4 class=\"wp-block-heading has-text-align-center has-large-font-size\" style=\"font-style:normal;font-weight:400\">Nosotros<br>___<\/h4>\n\n\n\n<h5 class=\"wp-block-heading has-text-align-center has-medium-font-size\" style=\"font-style:normal;font-weight:400\">\u00a1Nos gusta que conozcas m\u00e1s de Marol!<br><\/h5>\n<\/div><\/div>\n\n\n\n<div class=\"wp-block-cover is-light\" style=\"min-height:630px;aspect-ratio:unset;\"><span aria-hidden=\"true\" class=\"wp-block-cover__background has-background-dim-0 has-background-dim\"><\/span><div class=\"wp-block-cover__inner-container is-layout-constrained wp-block-cover-is-layout-constrained\">\n<div class=\"wp-block-columns is-layout-flex wp-container-core-columns-is-layout-9d6595d7 wp-block-columns-is-layout-flex\">\n<div class=\"wp-block-column is-vertically-aligned-top is-layout-flow wp-block-column-is-layout-flow\">\n<div class=\"wp-block-columns is-layout-flex wp-container-core-columns-is-layout-9d6595d7 wp-block-columns-is-layout-flex\">\n<div class=\"wp-block-column is-vertically-aligned-top is-layout-flow wp-block-column-is-layout-flow\" style=\"flex-basis:40%\">\n<div class=\"wp-block-buttons is-horizontal is-content-justification-left is-layout-flex wp-container-core-buttons-is-layout-779c298f wp-block-buttons-is-layout-flex\" style=\"font-style:normal;font-weight:300\">\n<div class=\"wp-block-button has-custom-width wp-block-button__width-100 has-custom-font-size is-style-default\" style=\"font-size:15px;font-style:normal;font-weight:400\"><a class=\"wp-block-button__link has-nv-site-bg-color has-nv-dark-bg-background-color has-text-color has-background has-link-color wp-element-button\" href=\"https:\/\/marol.com.co\/marol\/nosotros\/\" style=\"border-style:none;border-width:0px;border-radius:30px;padding-top:5px;padding-right:0px;padding-bottom:5px;padding-left:0px\">Nuestra Historia<\/a><\/div>\n\n\n\n<div class=\"wp-block-button has-custom-width wp-block-button__width-100 has-custom-font-size is-style-default\" style=\"font-size:15px\"><a class=\"wp-block-button__link has-nv-site-bg-color has-text-color has-background has-link-color wp-element-button\" href=\"https:\/\/marol.com.co\/marol\/mision-vision-y-politica-de-calidad-y-seguridad\/\" style=\"border-style:none;border-width:0px;border-radius:30px;background-color:#82c9ed;padding-top:5px;padding-right:0px;padding-bottom:5px;padding-left:0px\">Misi\u00f3n, Visi\u00f3n y Pol\u00edtica<\/a><\/div>\n\n\n\n<div class=\"wp-block-button has-custom-width wp-block-button__width-100 has-custom-font-size is-style-default\" style=\"font-size:15px\"><a class=\"wp-block-button__link has-nv-site-bg-color has-text-color has-background has-link-color wp-element-button\" href=\"https:\/\/marol.com.co\/marol\/proteccion-de-datos\/\" style=\"border-style:none;border-width:0px;border-radius:30px;background-color:#82c9ed;padding-top:5px;padding-right:0;padding-bottom:5px;padding-left:0\">Protecci\u00f3n de Datos<\/a><\/div>\n\n\n\n<div class=\"wp-block-button has-custom-width wp-block-button__width-100 has-custom-font-size is-style-default\" style=\"font-size:15px\"><a class=\"wp-block-button__link has-nv-site-bg-color has-text-color has-background has-link-color wp-element-button\" href=\"https:\/\/marol.com.co\/marol\/certifficaciones\/\" style=\"border-style:none;border-width:0px;border-radius:30px;background-color:#82c9ed;padding-top:5px;padding-right:0;padding-bottom:5px;padding-left:0\">Certificaciones<\/a><\/div>\n\n\n\n<div class=\"wp-block-button has-custom-width wp-block-button__width-100 has-custom-font-size is-style-default\" style=\"font-size:15px\"><a class=\"wp-block-button__link has-nv-site-bg-color has-text-color has-background has-link-color wp-element-button\" href=\"https:\/\/marol.com.co\/marol\/resolucion-dian\" style=\"border-style:none;border-width:0px;border-radius:30px;background-color:#82c9ed;padding-top:5px;padding-right:0;padding-bottom:5px;padding-left:0\">Resoluci\u00f3n DIAN<\/a><\/div>\n\n\n\n<div class=\"wp-block-button has-custom-width wp-block-button__width-100 has-custom-font-size is-style-default\" style=\"font-size:15px\"><a class=\"wp-block-button__link has-nv-site-bg-color has-text-color has-background has-link-color wp-element-button\" href=\"https:\/\/marol.com.co\/marol\/reportesbic\" style=\"border-style:none;border-width:0px;border-radius:30px;background-color:#82c9ed;padding-top:5px;padding-right:0;padding-bottom:5px;padding-left:0\">Reportes BIC<\/a><\/div>\n\n\n\n<div class=\"wp-block-button has-custom-width wp-block-button__width-100 has-custom-font-size is-style-default\" style=\"font-size:15px\"><a class=\"wp-block-button__link has-nv-site-bg-color has-text-color has-background has-link-color wp-element-button\" href=\"https:\/\/marol.com.co\/marol\/funcionarios\" style=\"border-style:none;border-width:0px;border-radius:30px;background-color:#82c9ed;padding-top:5px;padding-right:0;padding-bottom:5px;padding-left:0\">Funcionarios<\/a><\/div>\n\n\n\n<div class=\"wp-block-button has-custom-width wp-block-button__width-100 has-custom-font-size is-style-default\" style=\"font-size:15px\"><a class=\"wp-block-button__link has-nv-site-bg-color has-text-color has-background has-link-color wp-element-button\" href=\"https:\/\/marolsa.sharepoint.com\/sites\/marol.sistemas\/Shared%20Documents\/Forms\/AllItems.aspx?id=%2Fsites%2Fmarol%2Esistemas%2FShared%20Documents%2FC%C3%B3mo%20Se%20Hace&amp;p=true&amp;ga=1\" style=\"border-style:none;border-width:0px;border-radius:30px;background-color:#82c9ed;padding-top:5px;padding-right:0;padding-bottom:5px;padding-left:0\" target=\"_blank\" rel=\"noreferrer noopener\">One Drive<\/a><\/div>\n<\/div>\n<\/div>\n\n\n\n<div class=\"wp-block-column is-layout-flow wp-block-column-is-layout-flow\" style=\"flex-basis:70%\">\n<p class=\"has-text-align-left\"><em>MAROL es una empresa constituida el 29 de Diciembre de 1978 por escritura p\u00fablica, dedicada a la prestaci\u00f3n de servicios log\u00edsticos de comercio exterior (Agenciamiento&nbsp; Aduanero) con calidad, honestidad y \u00e9tica; Para&nbsp; lograr&nbsp; el desarrollo de su objeto, la sociedad realiza todos los tr\u00e1mites, diligencias,&nbsp; actividades&nbsp; y&nbsp; dem\u00e1s actos relacionados con la log\u00edstica, importaci\u00f3n,&nbsp; exportaci\u00f3n&nbsp; y&nbsp; tr\u00e1nsito&nbsp; aduanero&nbsp; de&nbsp; mercanc\u00edas, que se adelanten&nbsp; ante&nbsp; la&nbsp; Direcci\u00f3n de Impuestos y Aduanas Nacionales u otras entidades; generando beneficios a nuestros accionistas y empleados; comprometidos con el desarrollo del pa\u00eds y el cuidado del medio ambiente,&nbsp; desde entonces su oficina principal tiene sede en Medell\u00edn.<\/em><\/p>\n\n\n\n<p><em>&nbsp;<\/em><em>En 1979 se inaugura la oficina de Cartagena dando inicio al proyecto de tener presencia directa en las ciudades puerto del pa\u00eds. Posteriormente, en Marzo del mismo a\u00f1o, se constituy\u00f3 la oficina de Buenaventura siendo este el puerto con mayor demanda en el pa\u00eds por su ubicaci\u00f3n en el oc\u00e9ano Pac\u00edfico.<\/em><\/p>\n\n\n\n<p><em>&nbsp;<\/em><em>En Julio de 1997 se emprendi\u00f3 un nuevo camino con la apertura de la oficina en Bogot\u00e1 con el fin de atender directamente las operaciones de nuestros clientes realizadas por esta aduana, asegurando la calidad en el servicio.<\/em><\/p>\n\n\n\n<p><em>&nbsp;<\/em><em>La oficina de Cali inici\u00f3 operaciones en Octubre del a\u00f1o 2009 cumpliendo as\u00ed con las necesidades inmediatas de nuestros clientes.<\/em><\/p>\n\n\n\n<p><em>&nbsp;<\/em><em>En 2014 MAROL pone a disposici\u00f3n la nueva oficina en la zona de Urab\u00e1 promoviendo el desarrollo y confianza en esta zona del departamento de Antioqu\u00eda gracias a las ventajas competitivas en tiempo y rentabilidad que ofrece.<\/em><\/p>\n<\/div>\n\n\n\n<div class=\"wp-block-column is-layout-flow wp-block-column-is-layout-flow\" style=\"flex-basis:35%\">\n<figure class=\"wp-block-image size-full is-resized\"><img loading=\"lazy\" decoding=\"async\" width=\"439\" height=\"274\" src=\"https:\/\/marol.com.co\/marol\/wp-content\/uploads\/2024\/01\/LOGO_MAROL_1.png\" alt=\"\" class=\"wp-image-842\" style=\"width:314px;height:auto\"\/><\/figure>\n\n\n\n<p><\/p>\n\n\n\n<figure class=\"wp-block-image size-full is-resized\"><img loading=\"lazy\" decoding=\"async\" width=\"351\" height=\"354\" src=\"https:\/\/marol.com.co\/marol\/wp-content\/uploads\/2024\/01\/LOGO_MAROL_2.png\" alt=\"\" class=\"wp-image-841\" style=\"width:314px\"\/><\/figure>\n\n\n\n<p><\/p>\n\n\n\n<figure class=\"wp-block-image size-full is-resized\"><img loading=\"lazy\" decoding=\"async\" width=\"1369\" height=\"546\" src=\"https:\/\/marol.com.co\/marol\/wp-content\/uploads\/2024\/01\/Marol-Logo-Completo-RGB-01.png\" alt=\"\" class=\"wp-image-840\" style=\"width:314px\"\/><\/figure>\n<\/div>\n<\/div>\n<\/div>\n<\/div>\n<\/div><\/div>\n\n\n\n<div class=\"wp-block-cover alignfull is-light has-custom-content-position is-position-top-center\" style=\"min-height:125px;aspect-ratio:unset;\"><span aria-hidden=\"true\" class=\"wp-block-cover__background has-background-dim-0 has-background-dim\"><\/span><img loading=\"lazy\" decoding=\"async\" width=\"1280\" height=\"122\" class=\"wp-block-cover__image-background wp-image-825\" alt=\"\" src=\"https:\/\/marol.com.co\/marol\/wp-content\/uploads\/2024\/01\/cinta.png\" data-object-fit=\"cover\"\/><div class=\"wp-block-cover__inner-container is-layout-constrained wp-block-cover-is-layout-constrained\">\n<p class=\"has-text-align-center has-large-font-size\"><\/p>\n<\/div><\/div>\n\n\n\n<div class=\"wp-block-columns is-layout-flex wp-container-core-columns-is-layout-9d6595d7 wp-block-columns-is-layout-flex\">\n<div class=\"wp-block-column is-layout-flow wp-block-column-is-layout-flow\" style=\"flex-basis:100%\">\n<div class=\"wp-block-cover alignfull has-custom-content-position is-position-top-center\" style=\"min-height:360px;aspect-ratio:unset;\"><span aria-hidden=\"true\" class=\"wp-block-cover__background has-nv-dark-bg-background-color has-background-dim-100 has-background-dim\"><\/span><div class=\"wp-block-cover__inner-container is-layout-constrained wp-block-cover-is-layout-constrained\">\n<div class=\"wp-block-columns is-layout-flex wp-container-core-columns-is-layout-9d6595d7 wp-block-columns-is-layout-flex\">\n<div class=\"wp-block-column is-vertically-aligned-top is-layout-flow wp-block-column-is-layout-flow\">\n<p><\/p>\n\n\n\n<h4 class=\"wp-block-heading has-text-align-center\">Medell\u00edn&nbsp;Oficina Principal<\/h4>\n\n\n\n<div class=\"wp-block-columns is-layout-flex wp-container-core-columns-is-layout-9d6595d7 wp-block-columns-is-layout-flex\">\n<div class=\"wp-block-column is-layout-flow wp-block-column-is-layout-flow\">\n<p class=\"has-text-align-center has-nv-site-bg-color has-text-color has-link-color wp-elements-e8e5d52e7a5164a2cf0e282e36290610\">Tel\u00e9fono: (57) 604 320 20 80&nbsp;\u2013&nbsp;medellin@marol.com.co<br>Almacentro Torre Norte Piso 9 \u2013&nbsp;Carrera 43A No. 34 -155<\/p>\n\n\n\n<div class=\"wp-block-columns is-layout-flex wp-container-core-columns-is-layout-9d6595d7 wp-block-columns-is-layout-flex\">\n<div class=\"wp-block-column is-layout-flow wp-block-column-is-layout-flow\">\n<div class=\"wp-block-columns alignwide are-vertically-aligned-center is-layout-flex wp-container-core-columns-is-layout-9d6595d7 wp-block-columns-is-layout-flex\">\n<div class=\"wp-block-column is-vertically-aligned-center is-layout-flow wp-block-column-is-layout-flow\">\n<p class=\"has-text-align-center has-nv-site-bg-color has-text-color has-link-color wp-elements-8c40ff1afb64859ac1c772203bc6936e\">Buenaventura<\/p>\n\n\n\n<p class=\"has-text-align-center has-nv-site-bg-color has-text-color has-link-color wp-elements-412e4b17d1674b9bda8ee071d840c0d1\">Tel: (57)&nbsp;602 242 3543<br>buenaventura@marol.com.co<\/p>\n<\/div>\n\n\n\n<div class=\"wp-block-column is-vertically-aligned-center is-layout-flow wp-block-column-is-layout-flow\">\n<p class=\"has-text-align-center has-nv-site-bg-color has-text-color has-link-color wp-elements-0c175db8d61d131a7838a1e158fcb4cc\">Cartagena<\/p>\n\n\n\n<p class=\"has-text-align-center has-nv-site-bg-color has-text-color has-link-color wp-elements-f0a822a96460ff84c3c997fa0cadd297\">Tel: (57)&nbsp;605 664 0445<br>cartagena@marol.com.co<\/p>\n<\/div>\n\n\n\n<div class=\"wp-block-column is-vertically-aligned-center is-layout-flow wp-block-column-is-layout-flow\">\n<p class=\"has-text-align-center has-nv-site-bg-color has-text-color has-link-color wp-elements-d0260a5d4e00147dcd229cd669db1631\">Urab\u00e1<\/p>\n\n\n\n<p class=\"has-text-align-center has-nv-site-bg-color has-text-color has-link-color wp-elements-640feb8628f312eaea7b03e05c0275ee\">Tel: (57)&nbsp;604 828 5834<br>uraba@marol.com.co<\/p>\n<\/div>\n<\/div>\n<\/div>\n<\/div>\n<\/div>\n<\/div>\n<\/div>\n<\/div>\n<\/div><\/div>\n<\/div>\n<\/div>\n\n\n\n<div class=\"wp-block-columns is-layout-flex wp-container-core-columns-is-layout-9d6595d7 wp-block-columns-is-layout-flex\">\n<div class=\"wp-block-column is-layout-flow wp-block-column-is-layout-flow\"><\/div>\n<\/div>\n","protected":false},"excerpt":{"rendered":"","protected":false},"author":1,"featured_media":0,"parent":0,"menu_order":0,"comment_status":"closed","ping_status":"closed","template":"","meta":{"neve_meta_sidebar":"","neve_meta_container":"","neve_meta_enable_content_width":"","neve_meta_content_width":0,"neve_meta_title_alignment":"","neve_meta_author_avatar":"","neve_post_elements_order":"","neve_meta_disable_header":"","neve_meta_disable_footer":"","neve_meta_disable_title":"on","_themeisle_gutenberg_block_has_review":false,"footnotes":""},"class_list":["post-549","page","type-page","status-publish","hentry"],"_links":{"self":[{"href":"https:\/\/marol.com.co\/marol\/wp-json\/wp\/v2\/pages\/549","targetHints":{"allow":["GET"]}}],"collection":[{"href":"https:\/\/marol.com.co\/marol\/wp-json\/wp\/v2\/pages"}],"about":[{"href":"https:\/\/marol.com.co\/marol\/wp-json\/wp\/v2\/types\/page"}],"author":[{"embeddable":true,"href":"https:\/\/marol.com.co\/marol\/wp-json\/wp\/v2\/users\/1"}],"replies":[{"embeddable":true,"href":"https:\/\/marol.com.co\/marol\/wp-json\/wp\/v2\/comments?post=549"}],"version-history":[{"count":82,"href":"https:\/\/marol.com.co\/marol\/wp-json\/wp\/v2\/pages\/549\/revisions"}],"predecessor-version":[{"id":1734,"href":"https:\/\/marol.com.co\/marol\/wp-json\/wp\/v2\/pages\/549\/revisions\/1734"}],"wp:attachment":[{"href":"https:\/\/marol.com.co\/marol\/wp-json\/wp\/v2\/media?parent=549"}],"curies":[{"name":"wp","href":"https:\/\/api.w.org\/{rel}","templated":true}]}}